{"id":41,"date":"2015-09-20T17:14:37","date_gmt":"2015-09-20T17:14:37","guid":{"rendered":"http:\/\/www.recman.cz\/?page_id=2"},"modified":"2018-02-03T17:21:23","modified_gmt":"2018-02-03T16:21:23","slug":"uvod","status":"publish","type":"page","link":"https:\/\/www.recman.cz\/pl\/","title":{"rendered":"Home"},"content":{"rendered":"<p>[et_pb_section bb_built=&#8221;1&#8243; fullwidth=&#8221;on&#8221; specialty=&#8221;off&#8221;][et_pb_fullwidth_slider show_arrows=&#8221;on&#8221; show_pagination=&#8221;on&#8221; auto=&#8221;off&#8221; auto_ignore_hover=&#8221;off&#8221; parallax=&#8221;off&#8221; parallax_method=&#8221;off&#8221; remove_inner_shadow=&#8221;on&#8221; background_position=&#8221;default&#8221; background_size=&#8221;default&#8221; hide_content_on_mobile=&#8221;off&#8221; hide_cta_on_mobile=&#8221;off&#8221; show_image_video_mobile=&#8221;off&#8221; custom_button=&#8221;off&#8221; button_letter_spacing=&#8221;0&#8243; button_use_icon=&#8221;default&#8221; button_icon_placement=&#8221;right&#8221; button_on_hover=&#8221;on&#8221; button_letter_spacing_hover=&#8221;0&#8243; custom_padding=&#8221;|||&#8221; custom_padding_tablet=&#8221;|||&#8221; custom_padding_phone=&#8221;|||&#8221; show_inner_shadow=&#8221;off&#8221; show_content_on_mobile=&#8221;on&#8221; show_cta_on_mobile=&#8221;on&#8221; box_shadow_horizontal=&#8221;0px&#8221; box_shadow_vertical=&#8221;0px&#8221; box_shadow_blur=&#8221;10px&#8221; box_shadow_spread=&#8221;0px&#8221; box_shadow_position=&#8221;inner&#8221; box_shadow_color=&#8221;rgba(0,0,0,0.1)&#8221; box_shadow_style=&#8221;none&#8221;][et_pb_slide background_image=&#8221;http:\/\/www.recman.cz\/pl\/wp-content\/uploads\/sites\/5\/2015\/09\/banner1-2.jpg&#8221; background_position=&#8221;default&#8221; background_size=&#8221;default&#8221; background_color=&#8221;#ffffff&#8221; alignment=&#8221;center&#8221; background_layout=&#8221;light&#8221; allow_player_pause=&#8221;off&#8221; header_font_select=&#8221;default&#8221; body_font_select=&#8221;default&#8221; custom_button=&#8221;off&#8221; button_font_select=&#8221;default&#8221; button_use_icon=&#8221;default&#8221; button_icon_placement=&#8221;right&#8221; button_on_hover=&#8221;on&#8221; button_text=&#8221;wi\u0119cej informacji&#8221; button_link=&#8221;en\/\/ionosep&#8221;]<\/p>\n<h1 style=\"text-align: center;\"><span style=\"color: #2f4b8a;\">IONOSEP<\/span><\/h1>\n<p style=\"text-align: center;\"><span style=\"color: #2f4b8a;\"><span class=\"hps\">Urz\u0105dzenie<\/span> <span class=\"hps\">do analizy<\/span> <span class=\"hps\">materia\u0142\u00f3w<\/span> <span class=\"hps\">jonowych<\/span><br \/>\n<span class=\"hps\">na zasadzie<\/span> <span class=\"hps\">kapilarnej<\/span> <span class=\"hps\">isotachophoresis<\/span><\/span><\/p>\n<p>[\/et_pb_slide][\/et_pb_fullwidth_slider][\/et_pb_section][et_pb_section bb_built=&#8221;1&#8243; fullwidth=&#8221;off&#8221; specialty=&#8221;off&#8221; transparent_background=&#8221;off&#8221; background_color=&#8221;#142c60&#8243; allow_player_pause=&#8221;off&#8221; inner_shadow=&#8221;off&#8221; parallax=&#8221;off&#8221; parallax_method=&#8221;off&#8221; padding_mobile=&#8221;off&#8221; make_fullwidth=&#8221;off&#8221; use_custom_width=&#8221;off&#8221; width_unit=&#8221;on&#8221; make_equal=&#8221;off&#8221; use_custom_gutter=&#8221;off&#8221; custom_padding_tablet=&#8221;50px|0|50px|0&#8243; custom_padding_last_edited=&#8221;on|desktop&#8221;][et_pb_row make_fullwidth=&#8221;off&#8221; use_custom_width=&#8221;off&#8221; width_unit=&#8221;on&#8221; use_custom_gutter=&#8221;off&#8221; padding_mobile=&#8221;off&#8221; allow_player_pause=&#8221;off&#8221; parallax=&#8221;off&#8221; parallax_method=&#8221;off&#8221; make_equal=&#8221;off&#8221; column_padding_mobile=&#8221;on&#8221; background_position=&#8221;top_left&#8221; background_repeat=&#8221;repeat&#8221; background_size=&#8221;initial&#8221;][et_pb_column type=&#8221;1_3&#8243;][et_pb_number_counter title=&#8221;32 lat tradycji analizator\u00f3w produkcyjnych&#8221; number=&#8221;32&#8243; percent_sign=&#8221;off&#8221; background_layout=&#8221;dark&#8221; use_border_color=&#8221;off&#8221; title_line_height=&#8221;1.2em&#8221; background_position=&#8221;top_left&#8221; background_repeat=&#8221;repeat&#8221; background_size=&#8221;initial&#8221; _builder_version=&#8221;3.0.100&#8243; number_text_color=&#8221;#7ebec5&#8243;]<br \/>\n[\/et_pb_number_counter][\/et_pb_column][et_pb_column type=&#8221;1_3&#8243;][et_pb_number_counter title=&#8221;Serwis dla ci\u0105g\u0142ych operacji w ci\u0105gu 24 godzin (\u010cR)&#8221; number=&#8221;24&#8243; percent_sign=&#8221;off&#8221; counter_color=&#8221;#ffffff&#8221; background_layout=&#8221;dark&#8221; use_border_color=&#8221;off&#8221; border_color=&#8221;#ffffff&#8221; border_style=&#8221;solid&#8221; title_line_height=&#8221;1.2em&#8221; background_position=&#8221;top_left&#8221; background_repeat=&#8221;repeat&#8221; background_size=&#8221;initial&#8221;]<br \/>\n[\/et_pb_number_counter][\/et_pb_column][et_pb_column type=&#8221;1_3&#8243;][et_pb_number_counter title=&#8221;Nowych urz\u0105dze\u0144 gwarantuj\u0105 obs\u0142ug\u0119 na 10 lat&#8221; number=&#8221;10&#8243; percent_sign=&#8221;off&#8221; counter_color=&#8221;#ffffff&#8221; background_layout=&#8221;dark&#8221; use_border_color=&#8221;off&#8221; border_color=&#8221;#ffffff&#8221; border_style=&#8221;solid&#8221; title_line_height=&#8221;1.2em&#8221; background_position=&#8221;top_left&#8221; background_repeat=&#8221;repeat&#8221; background_size=&#8221;initial&#8221;]<br \/>\n[\/et_pb_number_counter][\/et_pb_column][\/et_pb_row][\/et_pb_section][et_pb_section bb_built=&#8221;1&#8243; fullwidth=&#8221;off&#8221; specialty=&#8221;off&#8221; transparent_background=&#8221;off&#8221; background_color=&#8221;#d6ddec&#8221; allow_player_pause=&#8221;off&#8221; inner_shadow=&#8221;off&#8221; parallax=&#8221;off&#8221; parallax_method=&#8221;off&#8221; padding_mobile=&#8221;off&#8221; make_fullwidth=&#8221;off&#8221; use_custom_width=&#8221;off&#8221; width_unit=&#8221;on&#8221; make_equal=&#8221;off&#8221; use_custom_gutter=&#8221;off&#8221; custom_padding_tablet=&#8221;50px|0|50px|0&#8243; custom_padding_last_edited=&#8221;on|desktop&#8221;][et_pb_row make_fullwidth=&#8221;off&#8221; use_custom_width=&#8221;off&#8221; width_unit=&#8221;on&#8221; use_custom_gutter=&#8221;off&#8221; padding_mobile=&#8221;off&#8221; allow_player_pause=&#8221;off&#8221; parallax=&#8221;off&#8221; parallax_method=&#8221;off&#8221; make_equal=&#8221;off&#8221; column_padding_mobile=&#8221;on&#8221; custom_css_main_element=&#8221;padding: 0px;&#8221; background_position=&#8221;top_left&#8221; background_repeat=&#8221;repeat&#8221; background_size=&#8221;initial&#8221;][et_pb_column type=&#8221;1_2&#8243;][et_pb_text background_layout=&#8221;light&#8221; text_orientation=&#8221;left&#8221; use_border_color=&#8221;off&#8221; border_color=&#8221;#ffffff&#8221; border_style=&#8221;solid&#8221; background_position=&#8221;top_left&#8221; background_repeat=&#8221;repeat&#8221; background_size=&#8221;initial&#8221;]<\/p>\n<h2><strong>ITP\/CZE ANALIZATOR IONOSEP<\/strong><\/h2>\n<ul>\n<li>WYSOKI POZIOM WRA\u017bLIWO\u015aCI W USTALENIU SUBSTANCJI<\/li>\n<li>NISKIE KOSZTY EKSPLOATACJI<\/li>\n<li>BARDZO MA\u0141E ZU\u017bYCIE PR\u00d3BEK<\/li>\n<li>BARDZO MA\u0141E ZU\u017bYCIE\u00a0 CHEMIKALI\u00d3W<\/li>\n<li>ZEROWE OBCI\u0104\u017bENIE DLA \u015aRODOWISKA<\/li>\n<li>DOST\u0118PNO\u015a\u0106 CENOWA<\/li>\n<li>MINIMALNA ILO\u015a\u0106 AWARII<\/li>\n<\/ul>\n<p>[\/et_pb_text][\/et_pb_column][et_pb_column type=&#8221;1_2&#8243;][et_pb_text background_layout=&#8221;light&#8221; text_orientation=&#8221;left&#8221; use_border_color=&#8221;off&#8221; border_color=&#8221;#ffffff&#8221; border_style=&#8221;solid&#8221; background_position=&#8221;top_left&#8221; background_repeat=&#8221;repeat&#8221; background_size=&#8221;initial&#8221;]<\/p>\n<h2><strong>WYKORZYSTANIE WE WIELU\u00a0 DZIEDZINACH <\/strong><\/h2>\n<ul>\n<li>UZDATNIANIE WODY<\/li>\n<li>PRZEMYS\u0141 SPO\u017bYWCZY<\/li>\n<li>PRZEMYS\u0141 CHEMICZNY<\/li>\n<li>PRZEMYS\u0141 FARMACEUTYCZNY<\/li>\n<li>ROLNICTWO<\/li>\n<li>INSTITUTY NAUKOWE<\/li>\n<li>WY\u017bSZE \u00a0UCZELNIE<\/li>\n<li>&#8230;. I WIELE INNYCH<\/li>\n<\/ul>\n<p>[\/et_pb_text][\/et_pb_column][\/et_pb_row][\/et_pb_section][et_pb_section bb_built=&#8221;1&#8243; fullwidth=&#8221;off&#8221; specialty=&#8221;off&#8221;][et_pb_row make_fullwidth=&#8221;on&#8221; use_custom_width=&#8221;off&#8221; width_unit=&#8221;on&#8221; use_custom_gutter=&#8221;off&#8221; custom_padding=&#8221;|20px&#8221; padding_mobile=&#8221;off&#8221; allow_player_pause=&#8221;off&#8221; parallax=&#8221;off&#8221; parallax_method=&#8221;off&#8221; make_equal=&#8221;off&#8221; column_padding_mobile=&#8221;on&#8221; background_position=&#8221;top_left&#8221; background_repeat=&#8221;repeat&#8221; background_size=&#8221;initial&#8221;][et_pb_column type=&#8221;1_4&#8243;][et_pb_image src=&#8221;http:\/\/www.recman.cz\/pl\/wp-content\/uploads\/sites\/5\/2015\/09\/ionosep-2002-obr.jpg&#8221; title_text=&#8221;Elektroforetick\u00fd analyz\u00e1tor IONOSEP 2002&#8243; show_in_lightbox=&#8221;off&#8221; url_new_window=&#8221;off&#8221; animation=&#8221;left&#8221; sticky=&#8221;off&#8221; align=&#8221;left&#8221; force_fullwidth=&#8221;off&#8221; always_center_on_mobile=&#8221;on&#8221; use_border_color=&#8221;off&#8221; border_color=&#8221;#ffffff&#8221; border_style=&#8221;solid&#8221; animation_style=&#8221;slide&#8221; animation_duration=&#8221;500ms&#8221; animation_intensity_slide=&#8221;10%&#8221; animation_direction=&#8221;left&#8221; show_bottom_space=&#8221;on&#8221;]<br \/>\n[\/et_pb_image][et_pb_cta title=&#8221;Elektroforetyczny analizator IONOSEP 2002&#8243; button_url=&#8221;http:\/\/www.recman.cz\/pl\/ionosep-2002\/&#8221; url_new_window=&#8221;off&#8221; button_text=&#8221;wi\u0119cej informacji&#8221; use_background_color=&#8221;off&#8221; background_color=&#8221;#7EBEC5&#8243; background_layout=&#8221;light&#8221; text_orientation=&#8221;center&#8221; use_border_color=&#8221;off&#8221; border_color=&#8221;#ffffff&#8221; border_style=&#8221;solid&#8221; custom_button=&#8221;on&#8221; button_letter_spacing=&#8221;0&#8243; button_use_icon=&#8221;default&#8221; button_icon_placement=&#8221;right&#8221; button_on_hover=&#8221;on&#8221; button_letter_spacing_hover=&#8221;0&#8243; header_font_size=&#8221;18&#8243; header_line_height=&#8221;1.2em&#8221; button_text_size=&#8221;16&#8243; background_position=&#8221;top_left&#8221; background_repeat=&#8221;repeat&#8221; background_size=&#8221;initial&#8221;]<br \/>\n[\/et_pb_cta][\/et_pb_column][et_pb_column type=&#8221;1_4&#8243;][et_pb_image src=&#8221;http:\/\/www.recman.cz\/pl\/wp-content\/uploads\/sites\/5\/2015\/09\/ionosep-2003-obr.jpg&#8221; show_in_lightbox=&#8221;off&#8221; url_new_window=&#8221;off&#8221; animation=&#8221;left&#8221; sticky=&#8221;off&#8221; align=&#8221;left&#8221; force_fullwidth=&#8221;off&#8221; always_center_on_mobile=&#8221;on&#8221; use_border_color=&#8221;off&#8221; border_color=&#8221;#ffffff&#8221; border_style=&#8221;solid&#8221; animation_style=&#8221;slide&#8221; animation_duration=&#8221;500ms&#8221; animation_intensity_slide=&#8221;10%&#8221; animation_direction=&#8221;left&#8221; show_bottom_space=&#8221;on&#8221;]<br \/>\n[\/et_pb_image][et_pb_cta title=&#8221;Elektroforetyczny analizator IONOSEP 2003&#8243; button_url=&#8221;http:\/\/www.recman.cz\/pl\/ionosep-2003\/&#8221; url_new_window=&#8221;off&#8221; button_text=&#8221;wi\u0119cej informacji&#8221; use_background_color=&#8221;off&#8221; background_color=&#8221;#7EBEC5&#8243; background_layout=&#8221;light&#8221; text_orientation=&#8221;center&#8221; use_border_color=&#8221;off&#8221; border_color=&#8221;#ffffff&#8221; border_style=&#8221;solid&#8221; custom_button=&#8221;on&#8221; button_letter_spacing=&#8221;0&#8243; button_use_icon=&#8221;default&#8221; button_icon_placement=&#8221;right&#8221; button_on_hover=&#8221;on&#8221; button_letter_spacing_hover=&#8221;0&#8243; header_font_size=&#8221;18&#8243; header_line_height=&#8221;1.2em&#8221; button_text_size=&#8221;16&#8243; background_position=&#8221;top_left&#8221; background_repeat=&#8221;repeat&#8221; background_size=&#8221;initial&#8221;]<br \/>\n[\/et_pb_cta][\/et_pb_column][et_pb_column type=&#8221;1_4&#8243;][et_pb_image src=&#8221;http:\/\/www.recman.cz\/pl\/wp-content\/uploads\/sites\/5\/2015\/09\/ionosep-2004-obr1.jpg&#8221; show_in_lightbox=&#8221;off&#8221; url_new_window=&#8221;off&#8221; animation=&#8221;left&#8221; sticky=&#8221;off&#8221; align=&#8221;left&#8221; force_fullwidth=&#8221;off&#8221; always_center_on_mobile=&#8221;on&#8221; use_border_color=&#8221;off&#8221; border_color=&#8221;#ffffff&#8221; border_style=&#8221;solid&#8221; animation_style=&#8221;slide&#8221; animation_duration=&#8221;500ms&#8221; animation_intensity_slide=&#8221;10%&#8221; animation_direction=&#8221;left&#8221; show_bottom_space=&#8221;on&#8221;]<br \/>\n[\/et_pb_image][et_pb_cta title=&#8221;Elektroforetyczny analizator IONOSEP 2004&#8243; button_url=&#8221;http:\/\/www.recman.cz\/pl\/ionosep-2004\/&#8221; url_new_window=&#8221;off&#8221; button_text=&#8221;wi\u0119cej informacji&#8221; use_background_color=&#8221;off&#8221; background_color=&#8221;#7EBEC5&#8243; background_layout=&#8221;light&#8221; text_orientation=&#8221;center&#8221; use_border_color=&#8221;off&#8221; border_color=&#8221;#ffffff&#8221; border_style=&#8221;solid&#8221; custom_button=&#8221;on&#8221; button_letter_spacing=&#8221;0&#8243; button_use_icon=&#8221;default&#8221; button_icon_placement=&#8221;right&#8221; button_on_hover=&#8221;on&#8221; button_letter_spacing_hover=&#8221;0&#8243; header_font_size=&#8221;18&#8243; header_line_height=&#8221;1.2em&#8221; button_text_size=&#8221;16&#8243; background_position=&#8221;top_left&#8221; background_repeat=&#8221;repeat&#8221; background_size=&#8221;initial&#8221;]<br \/>\n[\/et_pb_cta][\/et_pb_column][et_pb_column type=&#8221;1_4&#8243;][et_pb_image src=&#8221;http:\/\/www.recman.cz\/pl\/wp-content\/uploads\/sites\/5\/2015\/09\/ionosep-2005-obr1.jpg&#8221; show_in_lightbox=&#8221;off&#8221; url_new_window=&#8221;off&#8221; animation=&#8221;left&#8221; sticky=&#8221;off&#8221; align=&#8221;left&#8221; force_fullwidth=&#8221;off&#8221; always_center_on_mobile=&#8221;on&#8221; use_border_color=&#8221;off&#8221; border_color=&#8221;#ffffff&#8221; border_style=&#8221;solid&#8221; animation_style=&#8221;slide&#8221; animation_duration=&#8221;500ms&#8221; animation_intensity_slide=&#8221;10%&#8221; animation_direction=&#8221;left&#8221; show_bottom_space=&#8221;on&#8221;]<br \/>\n[\/et_pb_image][et_pb_cta title=&#8221;Elektroforetyczny analizator IONOSEP 2005&#8243; button_url=&#8221;http:\/\/www.recman.cz\/pl\/ionosep-2005\/&#8221; url_new_window=&#8221;off&#8221; button_text=&#8221;wi\u0119cej informacji&#8221; use_background_color=&#8221;off&#8221; background_color=&#8221;#7EBEC5&#8243; background_layout=&#8221;light&#8221; text_orientation=&#8221;center&#8221; use_border_color=&#8221;off&#8221; border_color=&#8221;#ffffff&#8221; border_style=&#8221;solid&#8221; custom_button=&#8221;on&#8221; button_letter_spacing=&#8221;0&#8243; button_use_icon=&#8221;default&#8221; button_icon_placement=&#8221;right&#8221; button_on_hover=&#8221;on&#8221; button_letter_spacing_hover=&#8221;0&#8243; header_font_size=&#8221;18&#8243; header_line_height=&#8221;1.2em&#8221; button_text_size=&#8221;16&#8243; background_position=&#8221;top_left&#8221; background_repeat=&#8221;repeat&#8221; background_size=&#8221;initial&#8221;]<br \/>\n[\/et_pb_cta][\/et_pb_column][\/et_pb_row][\/et_pb_section]<\/p>\n","protected":false},"excerpt":{"rendered":"<p>IONOSEP Urz\u0105dzenie do analizy materia\u0142\u00f3w jonowych na zasadzie kapilarnej isotachophoresis ITP\/CZE ANALIZATOR IONOSEP WYSOKI POZIOM WRA\u017bLIWO\u015aCI W USTALENIU SUBSTANCJI NISKIE KOSZTY EKSPLOATACJI BARDZO MA\u0141E ZU\u017bYCIE PR\u00d3BEK BARDZO MA\u0141E ZU\u017bYCIE\u00a0 CHEMIKALI\u00d3W ZEROWE OBCI\u0104\u017bENIE DLA \u015aRODOWISKA DOST\u0118PNO\u015a\u0106 CENOWA MINIMALNA ILO\u015a\u0106 AWARII WYKORZYSTANIE WE WIELU\u00a0 DZIEDZINACH UZDATNIANIE WODY PRZEMYS\u0141 SPO\u017bYWCZY PRZEMYS\u0141 CHEMICZNY PRZEMYS\u0141 FARMACEUTYCZNY ROLNICTWO INSTITUTY NAUKOWE WY\u017bSZE [&hellip;]<\/p>\n","protected":false},"author":1,"featured_media":0,"parent":0,"menu_order":0,"comment_status":"open","ping_status":"open","template":"","meta":{"_et_pb_use_builder":"on","_et_pb_old_content":"<p>This is an example page. It's different from a blog post because it will stay in one place and will show up in your site navigation (in most themes). Most people start with an About page that introduces them to potential site visitors. It might say something like this:<\/p><blockquote><p>Hi there! I'm a bike messenger by day, aspiring actor by night, and this is my blog. I live in Los Angeles, have a great dog named Jack, and I like pi\u00f1a coladas. (And gettin' caught in the rain.)<\/p><\/blockquote><p>...or something like this:<\/p><blockquote><p>The XYZ Doohickey Company was founded in 1971, and has been providing quality doohickeys to the public ever since. Located in Gotham City, XYZ employs over 2,000 people and does all kinds of awesome things for the Gotham community.<\/p><\/blockquote><p>As a new WordPress user, you should go to <a href=\"http:\/\/www.recman.cz\/wp-admin\/\">your dashboard<\/a> to delete this page and create new pages for your content. Have fun!<\/p>","_et_gb_content_width":"","footnotes":""},"class_list":["post-41","page","type-page","status-publish","hentry"],"_links":{"self":[{"href":"https:\/\/www.recman.cz\/pl\/wp-json\/wp\/v2\/pages\/41","targetHints":{"allow":["GET"]}}],"collection":[{"href":"https:\/\/www.recman.cz\/pl\/wp-json\/wp\/v2\/pages"}],"about":[{"href":"https:\/\/www.recman.cz\/pl\/wp-json\/wp\/v2\/types\/page"}],"author":[{"embeddable":true,"href":"https:\/\/www.recman.cz\/pl\/wp-json\/wp\/v2\/users\/1"}],"replies":[{"embeddable":true,"href":"https:\/\/www.recman.cz\/pl\/wp-json\/wp\/v2\/comments?post=41"}],"version-history":[{"count":8,"href":"https:\/\/www.recman.cz\/pl\/wp-json\/wp\/v2\/pages\/41\/revisions"}],"predecessor-version":[{"id":295,"href":"https:\/\/www.recman.cz\/pl\/wp-json\/wp\/v2\/pages\/41\/revisions\/295"}],"wp:attachment":[{"href":"https:\/\/www.recman.cz\/pl\/wp-json\/wp\/v2\/media?parent=41"}],"curies":[{"name":"wp","href":"https:\/\/api.w.org\/{rel}","templated":true}]}}